{"id":702,"date":"2020-12-04T15:19:11","date_gmt":"2020-12-04T14:19:11","guid":{"rendered":"http:\/\/persefonawp.online\/?page_id=702"},"modified":"2023-04-17T20:00:28","modified_gmt":"2023-04-17T18:00:28","slug":"ciasteczka","status":"publish","type":"page","link":"https:\/\/monikalesiakdietetyk.pl\/?page_id=702","title":{"rendered":"Ciasteczka"},"content":{"rendered":"\t\t<div data-elementor-type=\"wp-page\" data-elementor-id=\"702\" class=\"elementor elementor-702\">\n\t\t\t\t\t\t<div class=\"elementor-inner\">\n\t\t\t\t<div class=\"elementor-section-wrap\">\n\t\t\t\t\t\t\t\t\t<section class=\"elementor-section elementor-top-section elementor-element elementor-element-5c93682d elementor-section-full_width elementor-hidden-phone  header blog-header elementor-section-height-default elementor-section-height-default\" data-id=\"5c93682d\" data-element_type=\"section\" id=\"header blog-header\" data-settings=\"{&quot;background_background&quot;:&quot;classic&quot;,&quot;_ha_eqh_enable&quot;:false}\">\n\t\t\t\t\t\t<div class=\"elementor-container elementor-column-gap-default\">\n\t\t\t\t\t\t\t<div class=\"elementor-row\">\n\t\t\t\t\t<div class=\"elementor-column elementor-col-100 elementor-top-column elementor-element elementor-element-21eb0e89\" data-id=\"21eb0e89\" data-element_type=\"column\">\n\t\t\t<div class=\"elementor-column-wrap elementor-element-populated\">\n\t\t\t\t\t\t\t<div class=\"elementor-widget-wrap\">\n\t\t\t\t\t\t<div class=\"elementor-element elementor-element-3184d7cd elementor-widget elementor-widget-shortcode\" data-id=\"3184d7cd\" data-element_type=\"widget\" data-widget_type=\"shortcode.default\">\n\t\t\t\t<div class=\"elementor-widget-container\">\n\t\t\t\t\t<div class=\"elementor-shortcode\"><style>\n\n    .page-title-wrapper {\n        box-sizing: border-box;\n        padding: 3rem 0 4rem 11vw;\n    }\n    .page_title {\n              font-family: \"atten-round-new\" !important;\n        font-size: 60px!important;\n        font-weight: 600 !important;\n        color: #333745;\n    }\n    .page_breadcrumb{\n        display: flex;\n        align-content: center;\n        align-content: center;\n        font-family: \"museo-sans\";\n        font-size: 20px!important;;\n        font-weight: 600;\n        color: #333745;\n        \n    }\n    \n    .breadcrumb__arrow{\n        margin: 0px 20px;\n        color: #F9BC06;\n        font-size: 15px!important;\n    }\n  .page_breadcrumb a{\n    color: #333745\n}\n\n  .header{\n     width:1920px;\n    }\n\n.page_breadcrumb:hover > a , .page_breadcrumb:focus > a{\n     text-decoration: none;\n}\n\n@media(min-width:1920px) {\n.site-content {\n    display: flex;\n    justify-content: center;\n  }\n\n \n}\n   \n<\/style>\n\n\n\n\n<div class=\"page-title-wrapper\">\n    <h1 class=\"page_title\">Ciasteczka<\/h1>\n    <div class=\"page_breadcrumb\"><a href=\"https:\/\/monikalesiakdietetyk.pl\/\">\n    Strona g\u0142\u00f3wna<\/a>\n     <span><i class=\"breadcrumb__arrow fa fa-chevron-right\"><\/i><\/span>\n    <span>Ciasteczka<\/span>\n \n \n<\/div>\n<\/div>\n\n<\/div>\n\t\t\t\t<\/div>\n\t\t\t\t<\/div>\n\t\t\t\t\t\t<\/div>\n\t\t\t\t\t<\/div>\n\t\t<\/div>\n\t\t\t\t\t\t\t\t<\/div>\n\t\t\t\t\t<\/div>\n\t\t<\/section>\n\t\t\t\t<section class=\"elementor-section elementor-top-section elementor-element elementor-element-6012d0ee elementor-section-boxed elementor-section-height-default elementor-section-height-default\" data-id=\"6012d0ee\" data-element_type=\"section\" data-settings=\"{&quot;_ha_eqh_enable&quot;:false}\">\n\t\t\t\t\t\t<div class=\"elementor-container elementor-column-gap-default\">\n\t\t\t\t\t\t\t<div class=\"elementor-row\">\n\t\t\t\t\t<div class=\"elementor-column elementor-col-100 elementor-top-column elementor-element elementor-element-7deee648\" data-id=\"7deee648\" data-element_type=\"column\">\n\t\t\t<div class=\"elementor-column-wrap elementor-element-populated\">\n\t\t\t\t\t\t\t<div class=\"elementor-widget-wrap\">\n\t\t\t\t\t\t<div class=\"elementor-element elementor-element-72983ed5 elementor-hidden-desktop elementor-hidden-tablet elementor-widget elementor-widget-html\" data-id=\"72983ed5\" data-element_type=\"widget\" data-widget_type=\"html.default\">\n\t\t\t\t<div class=\"elementor-widget-container\">\n\t\t\t<style>\n      .page_title--phone {\n              font-family: \"atten-round-new\" !important;\n        font-size: 60px!important;\n        font-weight: 600 !important;\n        color: #333745;\n        text-align: center;\n    }\n<\/style>\n \n \n <h1 class=\"page_title--phone\">Ciasteczka<\/h1>\t\t<\/div>\n\t\t\t\t<\/div>\n\t\t\t\t\t\t<\/div>\n\t\t\t\t\t<\/div>\n\t\t<\/div>\n\t\t\t\t\t\t\t\t<\/div>\n\t\t\t\t\t<\/div>\n\t\t<\/section>\n\t\t\t\t<section class=\"elementor-section elementor-top-section elementor-element elementor-element-3c8d6077 elementor-section-boxed elementor-section-height-default elementor-section-height-default\" data-id=\"3c8d6077\" data-element_type=\"section\" data-settings=\"{&quot;_ha_eqh_enable&quot;:false}\">\n\t\t\t\t\t\t<div class=\"elementor-container elementor-column-gap-default\">\n\t\t\t\t\t\t\t<div class=\"elementor-row\">\n\t\t\t\t\t<div class=\"elementor-column elementor-col-50 elementor-top-column elementor-element elementor-element-193d8e00\" data-id=\"193d8e00\" data-element_type=\"column\">\n\t\t\t<div class=\"elementor-column-wrap elementor-element-populated\">\n\t\t\t\t\t\t\t<div class=\"elementor-widget-wrap\">\n\t\t\t\t\t\t<div class=\"elementor-element elementor-element-11feaa57 elementor-widget elementor-widget-heading\" data-id=\"11feaa57\" data-element_type=\"widget\" id=\"cks-hd\" data-widget_type=\"heading.default\">\n\t\t\t\t<div class=\"elementor-widget-container\">\n\t\t\t<h6 class=\"elementor-heading-title elementor-size-default\">W celu \u015bwiadczenia us\u0142ug na najwy\u017cszym poziomie stosuj\u0119 na mojej stronie pliki cookies. Korzystanie z witryny oznacza, \u017ce b\u0119d\u0105 one zamieszczane w Twoim urz\u0105dzeniu. W ka\u017cdym momencie mo\u017cesz dokona\u0107 zmiany ustawie\u0144 przegl\u0105darki. Dodatkowo, korzystanie z witryny oznacza akceptacj\u0119 klauzuli przetwarzania danych osobowych udost\u0119pnionych drog\u0105 elektroniczn\u0105.<\/h6>\t\t<\/div>\n\t\t\t\t<\/div>\n\t\t\t\t<div class=\"elementor-element elementor-element-54561494 elementor-widget elementor-widget-text-editor\" data-id=\"54561494\" data-element_type=\"widget\" data-widget_type=\"text-editor.default\">\n\t\t\t\t<div class=\"elementor-widget-container\">\n\t\t\t\t\t\t\t\t<div class=\"elementor-text-editor elementor-clearfix\">\n\t\t\t\t<h3>\u00a0 I. Definicje<\/h3><p style=\"padding-left: 40px;\">Cookies \u2013 oznacza dane informatyczne, w szczeg\u00f3lno\u015bci niewielkie pliki tekstowe, zapisywane i przechowywane na urz\u0105dzeniach za po\u015brednictwem kt\u00f3rych U\u017cytkownik korzysta ze stron internetowych Serwisu<br \/>Cookies W\u0142asne \u2013 oznacza Cookies zamieszczane przez Administratora, zwi\u0105zane ze \u015bwiadczeniem us\u0142ug droga elektroniczn\u0105 przez Administratora za po\u015brednictwem Serwisu.<br \/>Cookies Zewn\u0119trzne \u2013 oznacza Cookies zamieszczane przez partner\u00f3w Administratora, za po\u015brednictwem strony internetowej Serwisu.<br \/>Serwis \u2013 oznacza stron\u0119 internetow\u0105 lub aplikacj\u0119, pod kt\u00f3r\u0105 Administrator prowadzi serwis internetowy, dzia\u0142aj\u0105cy w domenach: monikalesiakdietetyk.pl oraz poradniazdrowegozywienia.pl<br \/>Urz\u0105dzenie \u2013 oznacza elektroniczne urz\u0105dzenie za po\u015brednictwem, kt\u00f3rego U\u017cytkownik uzyskuje dost\u0119p do Serwisu.<\/p><h3>\u00a0II. Rodzaje wykorzystywanych Cookies<\/h3><p style=\"padding-left: 40px;\">Stosowane przez Administratora Cookies s\u0105 bezpieczne dla Urz\u0105dzenia U\u017cytkownika.<br \/>W szczeg\u00f3lno\u015bci t\u0105 drog\u0105 nie jest mo\u017cliwe przedostanie si\u0119 do Urz\u0105dze\u0144 U\u017cytkownik\u00f3w wirus\u00f3w lub innego niechcianego oprogramowania lub oprogramowania z\u0142o\u015bliwego. Pliki te pozwalaj\u0105 zidentyfikowa\u0107 oprogramowanie wykorzystywane przez U\u017cytkownika i dostosowa\u0107 Serwis indywidualnie ka\u017cdemu U\u017cytkownikowi. Cookies zazwyczaj zawieraj\u0105 nazw\u0119 domeny,<br \/>z kt\u00f3rej pochodz\u0105, czas przechowywania ich na Urz\u0105dzeniu oraz przypisan\u0105 warto\u015b\u0107.<\/p><h3>III. Administrator wykorzystuje cztery typy plik\u00f3w cookies:<\/h3><p style=\"padding-left: 40px;\">Podstawowe pliki cookies<br \/>Pliki niezb\u0119dne do prawid\u0142owego funkcjonowania strony, kt\u00f3re nie mog\u0105 by\u0107 wy\u0142\u0105czone po stronie Administratora. Mo\u017cna ustawi\u0107 swoj\u0105 przegl\u0105dark\u0119 by blokowa\u0142a tego typu pliki cookies, ale wtedy niekt\u00f3re cz\u0119\u015bci strony nie b\u0119d\u0105 dzia\u0142a\u0142y prawid\u0142owo. Pliki te nie przechowuj\u0105 danych osobowych.<\/p><p style=\"padding-left: 40px;\">Pliki wydajno\u015bciowe<br \/>Pliki umo\u017cliwiaj\u0105ce zliczanie wizyt i \u017ar\u00f3de\u0142 ruchu u\u017cytkownik\u00f3w, dzi\u0119ki nim Administrator mo\u017ce poprawia\u0107 wydajno\u015b\u0107 witryny. Informacje w nich zawarte s\u0105 anonimowe.<\/p><p style=\"padding-left: 40px;\">Pliki funkcjonalne<br \/>Pliki pozwalaj\u0105ce na zwi\u0119kszenie funkcjonalno\u015bci strony i jej personalizacj\u0119. S\u0105 one ustawiane przez Administratora lub przez zewn\u0119trznych dostawc\u00f3w us\u0142ug.<\/p><p style=\"padding-left: 40px;\">Pliki reklamowe<br \/>Pliki te s\u0105 ustawiane za po\u015brednictwem Witryny przez dostawc\u00f3w us\u0142ug reklamowych. Partnerzy reklamowi mog\u0105 korzysta\u0107 z tych plik\u00f3w w celu budowania profili zainteresowa\u0144 u\u017cytkownik\u00f3w i wy\u015bwietlania im reklam dopasowanych do ich zainteresowa\u0144. Nie przechowuj\u0105 one danych prywatnych, jednak identyfikuj\u0105 dane przegl\u0105darki i u\u017cytkownik\u00f3w. Za dane zgromadzone w tych plikach odpowiada Administrator wsp\u00f3lnie z serwisem Facebook i s\u0105 one przetwarzane zgodnie z polityk\u0105 prywatno\u015bci tego serwisu.<\/p><p style=\"padding-left: 40px;\">U\u017cytkownik ma mo\u017cliwo\u015b\u0107 ograniczenia lub wy\u0142\u0105czenia dost\u0119pu plik\u00f3w Cookies do swojego Urz\u0105dzenia. W przypadku skorzystania z tej opcji korzystanie z Serwisu b\u0119dzie mo\u017cliwe, poza funkcjami, kt\u00f3re ze swojej natury wymagaj\u0105 plik\u00f3w Cookies.<\/p><h3>IV. Mo\u017cliwo\u015bci okre\u015blenia warunk\u00f3w przechowywania lub uzyskiwania dost\u0119pu przez\u00a0 \u00a0 \u00a0 \u00a0 \u00a0 \u00a0 \u00a0 \u00a0 \u00a0 \u00a0 Cookies.<\/h3><p style=\"padding-left: 40px;\">Mo\u017cesz samodzielnie i w ka\u017cdym czasie zmieni\u0107 ustawienia dotycz\u0105ce plik\u00f3w Cookies, okre\u015blaj\u0105c warunki ich przechowywania i uzyskiwania dost\u0119pu przez pliki Cookies do twojego Urz\u0105dzenia. Zmiany ustawie\u0144, o kt\u00f3rych mowa w zdaniu poprzednim, mo\u017cesz dokona\u0107 za pomoc\u0105 ustawie\u0144 przegl\u0105darki internetowej lub za pomoc\u0105 konfiguracji us\u0142ugi. Ustawienia te mog\u0105 zosta\u0107 zmienione w szczeg\u00f3lno\u015bci w taki spos\u00f3b, aby blokowa\u0107 automatyczn\u0105 obs\u0142ug\u0119 plik\u00f3w Cookies w ustawieniach przegl\u0105darki internetowej b\u0105d\u017a informowa\u0107 o ich ka\u017cdorazowym zamieszczeniu Cookies na Twoim urz\u0105dzeniu. Szczeg\u00f3\u0142owe informacje o mo\u017cliwo\u015bci i sposobach obs\u0142ugi plik\u00f3w Cookies dost\u0119pne s\u0105 w ustawieniach oprogramowania (przegl\u0105darki internetowej).<\/p><h3>\u00a0V. Mo\u017cesz w ka\u017cdej chwili usun\u0105\u0107 pliki Cookies korzystaj\u0105c z dost\u0119pnych funkcji w\u00a0 \u00a0 \u00a0 \u00a0 \u00a0 \u00a0 \u00a0 \u00a0 \u00a0 \u00a0 \u00a0 \u00a0 przegl\u0105darce internetowej, kt\u00f3rej u\u017cywasz.<\/h3><p style=\"padding-left: 40px;\">Ograniczenie stosowania plik\u00f3w Cookies, mo\u017ce wp\u0142yn\u0105\u0107 na niekt\u00f3re funkcjonalno\u015bci dost\u0119pne na stronie internetowej.<\/p><p style=\"padding-left: 40px;\">Poni\u017cej wskazujemy spos\u00f3b zmiany ustawie\u0144 Cookies w najbardziej popularnych wyszukiwarkach:<\/p><p style=\"padding-left: 40px;\">Google Chrome<br \/>Menu &gt; Ustawienia &gt; Poka\u017c ustawienia zaawansowane &gt; Prywatno\u015b\u0107 &gt; Ustawienia tre\u015bci &gt; Pliki cookies \u2013 nale\u017cy wybra\u0107 odpowiedni\u0105 opcj\u0119.<\/p><p style=\"padding-left: 40px;\">Internet Explorer<br \/>Menu &gt; Narz\u0119dzia &gt; Opcje internetowe &gt; Prywatno\u015b\u0107 \u2013 nale\u017cy wybra\u0107 odpowiedni\u0105 opcj\u0119.<\/p><p style=\"padding-left: 40px;\">Mozilla Firefox<br \/>Menu &gt; Opcje &gt; Prywatno\u015b\u0107 &gt; Historia \u2013 nale\u017cy wybra\u0107 odpowiedni\u0105 opcj\u0119.<\/p><p style=\"padding-left: 40px;\">Opera<br \/>Menu &gt; Preferencje &gt; Zaawansowane &gt; Ciasteczka \u2013 nale\u017cy wybra\u0107 odpowiedni\u0105 opcj\u0119.<\/p><p style=\"padding-left: 40px;\">Safari<br \/>Menu &gt; Preferencje &gt; Prywatno\u015b\u0107 &gt; Pliki cookies \u2013 nale\u017cy wybra\u0107 odpowiedni\u0105 opcj\u0119.<\/p>\t\t\t\t\t<\/div>\n\t\t\t\t\t\t<\/div>\n\t\t\t\t<\/div>\n\t\t\t\t\t\t<\/div>\n\t\t\t\t\t<\/div>\n\t\t<\/div>\n\t\t\t\t<div class=\"elementor-column elementor-col-50 elementor-top-column elementor-element elementor-element-7c208482\" data-id=\"7c208482\" data-element_type=\"column\">\n\t\t\t<div class=\"elementor-column-wrap elementor-element-populated\">\n\t\t\t\t\t\t\t<div class=\"elementor-widget-wrap\">\n\t\t\t\t\t\t<div class=\"elementor-element elementor-element-9b793fa elementor-widget elementor-widget-html\" data-id=\"9b793fa\" data-element_type=\"widget\" data-widget_type=\"html.default\">\n\t\t\t\t<div class=\"elementor-widget-container\">\n\t\t\t<div class=\"polityka-btn\">\n<div class =\"btn-container-11\">\n<button type=\"button\" class=\"btn-1-11\" id=\"btn1111\"><a href=\"https:\/\/monikalesiakdietetyk.pl\/?page_id=702\">Ciasteczka<\/a><\/button>\n<div class= \"btn-line11\"><\/div>\n<\/div>\n<div class =\"btn-container-11\">\n<button type=\"button\" class=\"btn-2-11\"><a href=\"https:\/\/monikalesiakdietetyk.pl\/?page_id=692\">Polityka prywatno\u015b\u0107i<\/a><\/button>\n<div class= \"btn-line21\"><\/div>\n<\/div>\n<\/div>\n\n<style>\n.polityka-btn {\n    width: 100%;\n    height: 30rem;\n    font-family: \"museo-sans\";\n}\n\n.polityka-btn.button:active{\n    \n}\n.polityka-btn .btn-1-11:focus {\n   background-color: #FEF4D6!important;\n}\n\n.polityka-btn .btn-2-11:focus {\n       background-color: #F7F6F5!important;\n}\n\n.polityka-btn button > a:hover {\n   text-decoration: none;\n}\n\n\n.btn-2-11{\n    margin-top: 3%;\n    background-color: #F7F6F5 ;\n    position: absolute;\n    height: 15%;\n    width: 80%;\n    margin-top:5%;\n    border-radius: 0px 15px 15px 0px;\n    text-align: left;\n    color: #333745;\n    font-size: 16px;\n}\n\n\n\n.btn-2-11 a{\n    color: #333745;\n\n}\n\n.btn-1-11 a{\n    color: #333745;\n\n}\n.btn-2-11:hover{\n\n    color: #333745 !important;\n     background-color: #F7F6F5!important;\n    \n}\n\n.btn-1-11:hover{\n   \n    color: #333745 !important;\n     background-color: #FEF4D6!important;\n    \n}\n\n.btn-1-11{\n    background-color:#FEF4D6 ;\n    position: absolute;\n        height: 15%;\n          width: 80%;\n    margin-bottom: %;\n    border-radius: 0px 15px 15px 0px;\n    text-align: left;\n    color: #333745;\n    font-size: 16px;\n}\n}\n\n.btn-container-11{\n    width: 100%;\n\n}\n\n.btn-line21{\n    top: 1.7rem;\n    width: 0.3rem;\n    height: 4.5rem;\n    background-color:#333745;\n    position: relative;\n}\n.btn-line11 {\n    width: 0.3rem;\n    height: 4.5rem;\n    background-color: #F9BC06;\n    position: relative;\n}\n.elementor-692 .elementor-element.elementor-element-0970123 .elementor-heading-title{\n    font-family: \"museo-sans\";\n    color:#333745;\n}\n\n#btn1111.button:focus, .menu-toggle:hover, button:hover, .ast-button:hover, .button:hover, input[type=reset]:hover, input[type=reset]:focus, input#submit:hover, input#submit:focus, input[type=\"button\"]:hover, input[type=\"button\"]:focus, input[type=\"submit\"]:hover, input[type=\"submit\"]:focus{\n    background-color: #F7F6F5 !important;\n}\n<\/style>\n\t\t<\/div>\n\t\t\t\t<\/div>\n\t\t\t\t\t\t<\/div>\n\t\t\t\t\t<\/div>\n\t\t<\/div>\n\t\t\t\t\t\t\t\t<\/div>\n\t\t\t\t\t<\/div>\n\t\t<\/section>\n\t\t\t\t\t\t\t\t\t<\/div>\n\t\t\t<\/div>\n\t\t\t\t\t<\/div>\n\t\t","protected":false},"excerpt":{"rendered":"<p>Ciasteczka Strona g\u0142\u00f3wna Ciasteczka Ciasteczka W celu \u015bwiadczenia us\u0142ug na najwy\u017cszym poziomie stosuj\u0119 na mojej stronie pliki cookies. Korzystanie z witryny oznacza, \u017ce b\u0119d\u0105 one zamieszczane w Twoim urz\u0105dzeniu. W ka\u017cdym momencie mo\u017cesz dokona\u0107 zmiany ustawie\u0144 przegl\u0105darki. Dodatkowo, korzystanie z witryny oznacza akceptacj\u0119 klauzuli przetwarzania danych osobowych udost\u0119pnionych drog\u0105 elektroniczn\u0105. \u00a0 I. Definicje Cookies \u2013 &hellip;<\/p>\n<p class=\"read-more\"> <a class=\"\" href=\"https:\/\/monikalesiakdietetyk.pl\/?page_id=702\"> <span class=\"screen-reader-text\">Ciasteczka<\/span> Read More &raquo;<\/a><\/p>\n","protected":false},"author":1,"featured_media":0,"parent":12789,"menu_order":0,"comment_status":"closed","ping_status":"closed","template":"","meta":{"footnotes":""},"typy":[],"acf":[],"yoast_head":"<!-- This site is optimized with the Yoast SEO plugin v20.6 - https:\/\/yoast.com\/wordpress\/plugins\/seo\/ -->\n<title>Ciasteczka - Monika Lesiak<\/title>\n<meta name=\"robots\" content=\"index, follow, max-snippet:-1, max-image-preview:large, max-video-preview:-1\" \/>\n<link rel=\"canonical\" href=\"https:\/\/monikalesiakdietetyk.pl\/?page_id=702\" \/>\n<meta property=\"og:locale\" content=\"pl_PL\" \/>\n<meta property=\"og:type\" content=\"article\" \/>\n<meta property=\"og:title\" content=\"Ciasteczka - Monika Lesiak\" \/>\n<meta property=\"og:description\" content=\"Ciasteczka Strona g\u0142\u00f3wna Ciasteczka Ciasteczka W celu \u015bwiadczenia us\u0142ug na najwy\u017cszym poziomie stosuj\u0119 na mojej stronie pliki cookies. Korzystanie z witryny oznacza, \u017ce b\u0119d\u0105 one zamieszczane w Twoim urz\u0105dzeniu. W ka\u017cdym momencie mo\u017cesz dokona\u0107 zmiany ustawie\u0144 przegl\u0105darki. Dodatkowo, korzystanie z witryny oznacza akceptacj\u0119 klauzuli przetwarzania danych osobowych udost\u0119pnionych drog\u0105 elektroniczn\u0105. \u00a0 I. Definicje Cookies \u2013 &hellip; Ciasteczka Read More &raquo;\" \/>\n<meta property=\"og:url\" content=\"https:\/\/monikalesiakdietetyk.pl\/?page_id=702\" \/>\n<meta property=\"og:site_name\" content=\"Monika Lesiak\" \/>\n<meta property=\"article:modified_time\" content=\"2023-04-17T18:00:28+00:00\" \/>\n<meta name=\"twitter:card\" content=\"summary_large_image\" \/>\n<meta name=\"twitter:label1\" content=\"Szacowany czas czytania\" \/>\n\t<meta name=\"twitter:data1\" content=\"4 minuty\" \/>\n<script type=\"application\/ld+json\" class=\"yoast-schema-graph\">{\"@context\":\"https:\/\/schema.org\",\"@graph\":[{\"@type\":\"WebPage\",\"@id\":\"https:\/\/monikalesiakdietetyk.pl\/?page_id=702\",\"url\":\"https:\/\/monikalesiakdietetyk.pl\/?page_id=702\",\"name\":\"Ciasteczka - Monika Lesiak\",\"isPartOf\":{\"@id\":\"https:\/\/monikalesiakdietetyk.pl\/#website\"},\"datePublished\":\"2020-12-04T14:19:11+00:00\",\"dateModified\":\"2023-04-17T18:00:28+00:00\",\"breadcrumb\":{\"@id\":\"https:\/\/monikalesiakdietetyk.pl\/?page_id=702#breadcrumb\"},\"inLanguage\":\"pl-PL\",\"potentialAction\":[{\"@type\":\"ReadAction\",\"target\":[\"https:\/\/monikalesiakdietetyk.pl\/?page_id=702\"]}]},{\"@type\":\"BreadcrumbList\",\"@id\":\"https:\/\/monikalesiakdietetyk.pl\/?page_id=702#breadcrumb\",\"itemListElement\":[{\"@type\":\"ListItem\",\"position\":1,\"name\":\"Strona g\u0142\u00f3wna\",\"item\":\"https:\/\/monikalesiakdietetyk.pl\/\"},{\"@type\":\"ListItem\",\"position\":2,\"name\":\"Strona G\u0142\u00f3wna\",\"item\":\"https:\/\/monikalesiakdietetyk.pl\/\"},{\"@type\":\"ListItem\",\"position\":3,\"name\":\"Ciasteczka\"}]},{\"@type\":\"WebSite\",\"@id\":\"https:\/\/monikalesiakdietetyk.pl\/#website\",\"url\":\"https:\/\/monikalesiakdietetyk.pl\/\",\"name\":\"Monika Lesiak\",\"description\":\"Monika Lesiak\",\"potentialAction\":[{\"@type\":\"SearchAction\",\"target\":{\"@type\":\"EntryPoint\",\"urlTemplate\":\"https:\/\/monikalesiakdietetyk.pl\/?s={search_term_string}\"},\"query-input\":\"required name=search_term_string\"}],\"inLanguage\":\"pl-PL\"}]}<\/script>\n<!-- \/ Yoast SEO plugin. -->","yoast_head_json":{"title":"Ciasteczka - Monika Lesiak","robots":{"index":"index","follow":"follow","max-snippet":"max-snippet:-1","max-image-preview":"max-image-preview:large","max-video-preview":"max-video-preview:-1"},"canonical":"https:\/\/monikalesiakdietetyk.pl\/?page_id=702","og_locale":"pl_PL","og_type":"article","og_title":"Ciasteczka - Monika Lesiak","og_description":"Ciasteczka Strona g\u0142\u00f3wna Ciasteczka Ciasteczka W celu \u015bwiadczenia us\u0142ug na najwy\u017cszym poziomie stosuj\u0119 na mojej stronie pliki cookies. Korzystanie z witryny oznacza, \u017ce b\u0119d\u0105 one zamieszczane w Twoim urz\u0105dzeniu. W ka\u017cdym momencie mo\u017cesz dokona\u0107 zmiany ustawie\u0144 przegl\u0105darki. Dodatkowo, korzystanie z witryny oznacza akceptacj\u0119 klauzuli przetwarzania danych osobowych udost\u0119pnionych drog\u0105 elektroniczn\u0105. \u00a0 I. Definicje Cookies \u2013 &hellip; Ciasteczka Read More &raquo;","og_url":"https:\/\/monikalesiakdietetyk.pl\/?page_id=702","og_site_name":"Monika Lesiak","article_modified_time":"2023-04-17T18:00:28+00:00","twitter_card":"summary_large_image","twitter_misc":{"Szacowany czas czytania":"4 minuty"},"schema":{"@context":"https:\/\/schema.org","@graph":[{"@type":"WebPage","@id":"https:\/\/monikalesiakdietetyk.pl\/?page_id=702","url":"https:\/\/monikalesiakdietetyk.pl\/?page_id=702","name":"Ciasteczka - Monika Lesiak","isPartOf":{"@id":"https:\/\/monikalesiakdietetyk.pl\/#website"},"datePublished":"2020-12-04T14:19:11+00:00","dateModified":"2023-04-17T18:00:28+00:00","breadcrumb":{"@id":"https:\/\/monikalesiakdietetyk.pl\/?page_id=702#breadcrumb"},"inLanguage":"pl-PL","potentialAction":[{"@type":"ReadAction","target":["https:\/\/monikalesiakdietetyk.pl\/?page_id=702"]}]},{"@type":"BreadcrumbList","@id":"https:\/\/monikalesiakdietetyk.pl\/?page_id=702#breadcrumb","itemListElement":[{"@type":"ListItem","position":1,"name":"Strona g\u0142\u00f3wna","item":"https:\/\/monikalesiakdietetyk.pl\/"},{"@type":"ListItem","position":2,"name":"Strona G\u0142\u00f3wna","item":"https:\/\/monikalesiakdietetyk.pl\/"},{"@type":"ListItem","position":3,"name":"Ciasteczka"}]},{"@type":"WebSite","@id":"https:\/\/monikalesiakdietetyk.pl\/#website","url":"https:\/\/monikalesiakdietetyk.pl\/","name":"Monika Lesiak","description":"Monika Lesiak","potentialAction":[{"@type":"SearchAction","target":{"@type":"EntryPoint","urlTemplate":"https:\/\/monikalesiakdietetyk.pl\/?s={search_term_string}"},"query-input":"required name=search_term_string"}],"inLanguage":"pl-PL"}]}},"_links":{"self":[{"href":"https:\/\/monikalesiakdietetyk.pl\/index.php?rest_route=\/wp\/v2\/pages\/702"}],"collection":[{"href":"https:\/\/monikalesiakdietetyk.pl\/index.php?rest_route=\/wp\/v2\/pages"}],"about":[{"href":"https:\/\/monikalesiakdietetyk.pl\/index.php?rest_route=\/wp\/v2\/types\/page"}],"author":[{"embeddable":true,"href":"https:\/\/monikalesiakdietetyk.pl\/index.php?rest_route=\/wp\/v2\/users\/1"}],"replies":[{"embeddable":true,"href":"https:\/\/monikalesiakdietetyk.pl\/index.php?rest_route=%2Fwp%2Fv2%2Fcomments&post=702"}],"version-history":[{"count":102,"href":"https:\/\/monikalesiakdietetyk.pl\/index.php?rest_route=\/wp\/v2\/pages\/702\/revisions"}],"predecessor-version":[{"id":12638,"href":"https:\/\/monikalesiakdietetyk.pl\/index.php?rest_route=\/wp\/v2\/pages\/702\/revisions\/12638"}],"up":[{"embeddable":true,"href":"https:\/\/monikalesiakdietetyk.pl\/index.php?rest_route=\/wp\/v2\/pages\/12789"}],"wp:attachment":[{"href":"https:\/\/monikalesiakdietetyk.pl\/index.php?rest_route=%2Fwp%2Fv2%2Fmedia&parent=702"}],"wp:term":[{"taxonomy":"typy","embeddable":true,"href":"https:\/\/monikalesiakdietetyk.pl\/index.php?rest_route=%2Fwp%2Fv2%2Ftypy&post=702"}],"curies":[{"name":"wp","href":"https:\/\/api.w.org\/{rel}","templated":true}]}}