{"id":692,"date":"2020-12-04T15:10:25","date_gmt":"2020-12-04T14:10:25","guid":{"rendered":"http:\/\/persefonawp.online\/?page_id=692"},"modified":"2023-04-17T20:00:32","modified_gmt":"2023-04-17T18:00:32","slug":"polityka-prywatnosci-2","status":"publish","type":"page","link":"https:\/\/monikalesiakdietetyk.pl\/?page_id=692","title":{"rendered":"Polityka prywatno\u015bci"},"content":{"rendered":"\t\t<div data-elementor-type=\"wp-page\" data-elementor-id=\"692\" class=\"elementor elementor-692\">\n\t\t\t\t\t\t<div class=\"elementor-inner\">\n\t\t\t\t<div class=\"elementor-section-wrap\">\n\t\t\t\t\t\t\t\t\t<section class=\"elementor-section elementor-top-section elementor-element elementor-element-6249d795 elementor-section-full_width elementor-hidden-phone header blog-header elementor-section-height-default elementor-section-height-default\" data-id=\"6249d795\" data-element_type=\"section\" id=\"header blog-header\" data-settings=\"{&quot;background_background&quot;:&quot;classic&quot;,&quot;_ha_eqh_enable&quot;:false}\">\n\t\t\t\t\t\t<div class=\"elementor-container elementor-column-gap-default\">\n\t\t\t\t\t\t\t<div class=\"elementor-row\">\n\t\t\t\t\t<div class=\"elementor-column elementor-col-100 elementor-top-column elementor-element elementor-element-3f657d22\" data-id=\"3f657d22\" data-element_type=\"column\">\n\t\t\t<div class=\"elementor-column-wrap elementor-element-populated\">\n\t\t\t\t\t\t\t<div class=\"elementor-widget-wrap\">\n\t\t\t\t\t\t<div class=\"elementor-element elementor-element-33772919 elementor-widget elementor-widget-shortcode\" data-id=\"33772919\" data-element_type=\"widget\" data-widget_type=\"shortcode.default\">\n\t\t\t\t<div class=\"elementor-widget-container\">\n\t\t\t\t\t<div class=\"elementor-shortcode\"><style>\n\n    .page-title-wrapper {\n        box-sizing: border-box;\n        padding: 3rem 0 4rem 11vw;\n    }\n    .page_title {\n              font-family: \"atten-round-new\" !important;\n        font-size: 60px!important;\n        font-weight: 600 !important;\n        color: #333745;\n    }\n    .page_breadcrumb{\n        display: flex;\n        align-content: center;\n        align-content: center;\n        font-family: \"museo-sans\";\n        font-size: 20px!important;;\n        font-weight: 600;\n        color: #333745;\n        \n    }\n    \n    .breadcrumb__arrow{\n        margin: 0px 20px;\n        color: #F9BC06;\n        font-size: 15px!important;\n    }\n  .page_breadcrumb a{\n    color: #333745\n}\n\n  .header{\n     width:1920px;\n    }\n\n.page_breadcrumb:hover > a , .page_breadcrumb:focus > a{\n     text-decoration: none;\n}\n\n@media(min-width:1920px) {\n.site-content {\n    display: flex;\n    justify-content: center;\n  }\n\n \n}\n   \n<\/style>\n\n\n\n\n<div class=\"page-title-wrapper\">\n    <h1 class=\"page_title\">Polityka prywatno\u015bci<\/h1>\n    <div class=\"page_breadcrumb\"><a href=\"https:\/\/monikalesiakdietetyk.pl\/\">\n    Strona g\u0142\u00f3wna<\/a>\n     <span><i class=\"breadcrumb__arrow fa fa-chevron-right\"><\/i><\/span>\n    <span>Polityka prywatno\u015bci<\/span>\n \n \n<\/div>\n<\/div>\n\n<\/div>\n\t\t\t\t<\/div>\n\t\t\t\t<\/div>\n\t\t\t\t\t\t<\/div>\n\t\t\t\t\t<\/div>\n\t\t<\/div>\n\t\t\t\t\t\t\t\t<\/div>\n\t\t\t\t\t<\/div>\n\t\t<\/section>\n\t\t\t\t<section class=\"elementor-section elementor-top-section elementor-element elementor-element-791552e9 elementor-section-boxed elementor-section-height-default elementor-section-height-default\" data-id=\"791552e9\" data-element_type=\"section\" data-settings=\"{&quot;_ha_eqh_enable&quot;:false}\">\n\t\t\t\t\t\t<div class=\"elementor-container elementor-column-gap-default\">\n\t\t\t\t\t\t\t<div class=\"elementor-row\">\n\t\t\t\t\t<div class=\"elementor-column elementor-col-100 elementor-top-column elementor-element elementor-element-66808bb5\" data-id=\"66808bb5\" data-element_type=\"column\">\n\t\t\t<div class=\"elementor-column-wrap elementor-element-populated\">\n\t\t\t\t\t\t\t<div class=\"elementor-widget-wrap\">\n\t\t\t\t\t\t<div class=\"elementor-element elementor-element-6c2cb41c elementor-hidden-desktop elementor-hidden-tablet elementor-widget elementor-widget-html\" data-id=\"6c2cb41c\" data-element_type=\"widget\" data-widget_type=\"html.default\">\n\t\t\t\t<div class=\"elementor-widget-container\">\n\t\t\t<style>\n      .page_title--phone {\n              font-family: \"atten-round-new\" !important;\n        font-size: 60px!important;\n        font-weight: 600 !important;\n        color: #333745;\n        text-align: center;\n    }\n<\/style>\n \n \n <h1 class=\"page_title--phone\">Polityka prywatno\u015bci<\/h1>\t\t<\/div>\n\t\t\t\t<\/div>\n\t\t\t\t\t\t<\/div>\n\t\t\t\t\t<\/div>\n\t\t<\/div>\n\t\t\t\t\t\t\t\t<\/div>\n\t\t\t\t\t<\/div>\n\t\t<\/section>\n\t\t\t\t<section class=\"elementor-section elementor-top-section elementor-element elementor-element-6b89413 elementor-section-boxed elementor-section-height-default elementor-section-height-default\" data-id=\"6b89413\" data-element_type=\"section\" data-settings=\"{&quot;_ha_eqh_enable&quot;:false}\">\n\t\t\t\t\t\t<div class=\"elementor-container elementor-column-gap-default\">\n\t\t\t\t\t\t\t<div class=\"elementor-row\">\n\t\t\t\t\t<div class=\"elementor-column elementor-col-50 elementor-top-column elementor-element elementor-element-fdf09cd\" data-id=\"fdf09cd\" data-element_type=\"column\">\n\t\t\t<div class=\"elementor-column-wrap elementor-element-populated\">\n\t\t\t\t\t\t\t<div class=\"elementor-widget-wrap\">\n\t\t\t\t\t\t<div class=\"elementor-element elementor-element-2c64836 elementor-widget elementor-widget-heading\" data-id=\"2c64836\" data-element_type=\"widget\" data-widget_type=\"heading.default\">\n\t\t\t\t<div class=\"elementor-widget-container\">\n\t\t\t<h3 class=\"elementor-heading-title elementor-size-default\">Klauzula przetwarzania danych\n            osobowych udost\u0119pnionych\ndrog\u0105 elektroniczn\u0105  <\/h3>\t\t<\/div>\n\t\t\t\t<\/div>\n\t\t\t\t<div class=\"elementor-element elementor-element-315144d elementor-widget elementor-widget-text-editor\" data-id=\"315144d\" data-element_type=\"widget\" data-widget_type=\"text-editor.default\">\n\t\t\t\t<div class=\"elementor-widget-container\">\n\t\t\t\t\t\t\t\t<div class=\"elementor-text-editor elementor-clearfix\">\n\t\t\t\t<h5>&nbsp; I. Administrator danych osobowych<\/h5>\n<p style=\"padding-left: 40px;\">Administratorem Pani\/Pana danych osobowych jest PORADNIA ZDROWEGO \u017bYWIENIA Monika Lesiak z siedzib\u0105 w Ostrowie Wielkopolskim, NIP 6222620781, REGON 362925588.<\/p>\n<h5>&nbsp;II. Cele i podstawy przetwarzania<\/h5>\n<p style=\"padding-left: 40px;\">Pani\/Pana dane osobowe przetwarzane s\u0105 w celu:<\/p>\n<p style=\"padding-left: 40px;\">&#8211; realizacji wybranych us\u0142ug cyfrowych dost\u0119pnych w serwisie monikalesiakdietetyk.pl,(podstawa z art. 6 ust. 1 lit. b RODO oraz w zakresie przetwarzania danych osobowych dotycz\u0105cych zdrowia &#8211; podstawa z art. 6 ust. 1 lit. a RODO);<\/p>\n<p style=\"padding-left: 40px;\">&#8211; prowadzenia z Panem\/Pani\u0105 komunikacji za pomoc\u0105 poczty elektronicznej w zwi\u0105zku z funkcjonowaniem serwisu monikalesiakdietetyk.pl, je\u015bli Pan\/Pani zainicjuje tak\u0105 komunikacj\u0119 (podstawa z art. 6 ust. 1 lit. b RODO);<\/p>\n<p style=\"padding-left: 40px;\">&#8211; spe\u0142nienia wymog\u00f3w wynikaj\u0105cych z przepis\u00f3w podatkowych i o rachunkowo\u015bci, w tym m.in. polegaj\u0105cych na prowadzeniu dokumentacji podatkowej, wystawianiu dokument\u00f3w sprzeda\u017cy itp. (podstawa z art. 6 ust. 1 lit. c RODO)<\/p>\n<p style=\"padding-left: 40px;\">&#8211; w celach archiwalnych (dowodowych) dla zabezpieczenia informacji na wypadek prawnej potrzeby wykazania fakt\u00f3w, co jest moim prawnie uzasadnionym interesem (podstawa z art. 6 ust. 1 lit. f RODO);<\/p>\n<p style=\"padding-left: 40px;\">&#8211; w celu ewentualnego ustalenia, dochodzenia lub obrony przed roszczeniami (w tym reklamacjami), co jest moim prawnie uzasadnionym interesem (podstawa z art. 6 ust. 1 lit. f RODO).<\/p>\n<h5>III. Odbiorcy danych. Przekazywanie danych do pa\u0144stw trzecich lub organizacji mi\u0119dzynarodowych<\/h5>\n<p style=\"padding-left: 40px;\">Pani\/Pana dane osobowe mog\u0119 udost\u0119pnia\u0107 jedynie podmiotom, z kt\u00f3rych us\u0142ug korzystam tj. biurze rachunkowym\/ksi\u0119gowym, obs\u0142udze informatycznej, bankom oraz organom w\u0142adzy publicznej i organom \u015bcigania. Co do zasady nie przekazuj\u0119 danych poza teren Polski\/EOG. Przekazanie danych osobowych poza EOG mo\u017ce nast\u0105pi\u0107 w zwi\u0105zku z korzystaniem przez Administratora z us\u0142ug analitycznych lub reklamowych dostarczanych przez Google LLC, w tym Google Adwords oraz Google Analytics. Przekazanie nast\u0119puje w takim wypadku do Stan\u00f3w Zjednoczonych Ameryki, na podstawie decyzji Komisji Europejskiej (tzw. Privacy Shield), stwierdzaj\u0105cej zapewnienie odpowiedniego stopnia ochrony danych osobowych w odniesieniu do podmiot\u00f3w uczestnicz\u0105cych w programie, w tym do dostawcy powy\u017cszych us\u0142ug \u2013 Google LLC, Mountain View, California.<\/p>\n<h5>IV. Okres przechowywania danych<\/h5>\n<p style=\"padding-left: 40px;\">Pani\/Pana dane osobowe b\u0119d\u0119 przetwarza\u0107 do up\u0142ywu okresu przedawnienia potencjalnych roszcze\u0144 wynikaj\u0105cych z eUs\u0142ugi, z kt\u00f3rej Pani\/Pan korzysta i\/lub do czasu cofni\u0119cia zgody na przetwarzanie danych osobowych, w zakresie w jakim przetwarzam dane na podstawie zgody.<\/p>\n<h5>&nbsp;V. Pani\/Pana prawa:<\/h5>\n<p style=\"padding-left: 40px;\">Ma Pani\/Pan prawo dost\u0119pu do swoich danych, ich sprostowania, usuni\u0119cia, a tak\u017ce do otrzymania ich kopii. Mo\u017ce Pani\/Pan za\u017c\u0105da\u0107 ograniczenia przetwarzania Pani\/Pana danych osobowych wy\u0142\u0105cznie do ich przechowywania lub wykonywania uzgodnionych dzia\u0142a\u0144.<\/p>\n<p style=\"padding-left: 40px;\">Ma Pani\/Pan prawo do wniesienia skargi do organu nadzorczego na adres:<br>Prezes Urz\u0119du Ochrony Danych Osobowych (PUODO)<br>ul. Stawki 2<br>00-193 Warszawa.<\/p>\n<p style=\"padding-left: 40px;\">Ma Pani\/Pan prawo do cofni\u0119cia zgody na przetwarzanie danych osobowych, kt\u00f3re przetwarzam na podstawie zgody. Cofni\u0119cie zgody nie b\u0119dzie wp\u0142ywa\u0107 na zgodno\u015b\u0107 z prawem przetwarzania, kt\u00f3rego dokonano na podstawie zgody przed jej wycofaniem.<br>W celu wykonania swoich praw skieruj \u017c\u0105danie na adres email: kontakt@monikalesiakdietetyk.pl<\/p>\n<h5>VI. Informacja o wymogu\/dobrowolno\u015bci podania danych<\/h5>\n<p style=\"padding-left: 40px;\">Podanie przez Pani\u0105\/Pana danych jest: dobrowolne, ale jest warunkiem realizacji eUs\u0142ugi. Je\u017celi nie poda Pani\/Pan danych mog\u0119 odm\u00f3wi\u0107 zawarcia umowy lub \u015bwiadczenia us\u0142ug.<\/p>\t\t\t\t\t<\/div>\n\t\t\t\t\t\t<\/div>\n\t\t\t\t<\/div>\n\t\t\t\t\t\t<\/div>\n\t\t\t\t\t<\/div>\n\t\t<\/div>\n\t\t\t\t<div class=\"elementor-column elementor-col-50 elementor-top-column elementor-element elementor-element-034d592\" data-id=\"034d592\" data-element_type=\"column\">\n\t\t\t<div class=\"elementor-column-wrap elementor-element-populated\">\n\t\t\t\t\t\t\t<div class=\"elementor-widget-wrap\">\n\t\t\t\t\t\t<div class=\"elementor-element elementor-element-a4ba725 elementor-widget elementor-widget-html\" data-id=\"a4ba725\" data-element_type=\"widget\" data-widget_type=\"html.default\">\n\t\t\t\t<div class=\"elementor-widget-container\">\n\t\t\t<div class=\"polityka-btn\">\n<div class =\"btn-container-11\">\n<button type=\"button\" class=\"btn-1-11\" id=\"btn1111\"><a href=\"https:\/\/monikalesiakdietetyk.pl\/?page_id=702\">Ciasteczka<\/a><\/button>\n<div class= \"btn-line11\"><\/div>\n<\/div>\n<div class =\"btn-container-11\">\n<button type=\"button\" class=\"btn-2-11\"><a href=\"https:\/\/monikalesiakdietetyk.pl\/?page_id=692\">Polityka prywatno\u015b\u0107i<\/a><\/button>\n<div class= \"btn-line21\"><\/div>\n<\/div>\n<\/div>\n\n<style>\n.polityka-btn {\n    width: 100%;\n    height: 30rem;\n    font-family: \"museo-sans\";\n}\n\n\n.polityka-btn .btn-2-11:focus {\n   background-color: #FEF4D6!important;\n}\n\n.polityka-btn .btn-1-11:focus {\n       background-color: #F7F6F5!important;\n}\n\n.polityka-btn button > a:hover {\n   text-decoration: none;\n}\n\n.polityka-btn.button:active{\n    \n}\n\n\n\n.btn-2-11{\n    margin-top: 3%;\n    background-color: #FEF4D6 ;\n    position: absolute;\n    height: 15%;\n    width: 80%;\n    margin-top:5%;\n    border-radius: 0px 15px 15px 0px;\n    text-align: left;\n    color: #333745;\n    font-size: 16px;\n}\n\n\n\n.btn-2-11 a{\n    color: #333745;\n\n}\n\n.btn-1-11 a{\n    color: #333745;\n\n}\n.btn-2-11:hover{\n    background-color: #FEF4D6!important;\n    color: #333745 !important;\n    \n}\n\n.btn-1-11:hover{\n    background-color: #F7F6F5!important;\n    color: #333745 !important;\n    \n}\n\n.btn-1-11{\n    background-color:#F7F6F5 ;\n    position: absolute;\n        height: 15%;\n          width: 80%;\n    margin-bottom: %;\n    border-radius: 0px 15px 15px 0px;\n    text-align: left;\n    color: #333745;\n    font-size: 16px;\n}\n}\n\n.btn-container-11{\n    width: 100%;\n\n}\n\n.btn-line21{\n    top: 1.7rem;\n    width: 0.3rem;\n    height: 4.5rem;\n    background-color:#F9BC06;\n    position: relative;\n}\n.btn-line11 {\n    width: 0.3rem;\n    height: 4.5rem;\n    background-color: #333745;\n    position: relative;\n}\n.elementor-692 .elementor-element.elementor-element-0970123 .elementor-heading-title{\n    font-family: \"museo-sans\";\n    color:#333745;\n}\n\n#btn1111.button:focus, .menu-toggle:hover, button:hover, .ast-button:hover, .button:hover, input[type=reset]:hover, input[type=reset]:focus, input#submit:hover, input#submit:focus, input[type=\"button\"]:hover, input[type=\"button\"]:focus, input[type=\"submit\"]:hover, input[type=\"submit\"]:focus{\n    background-color: #F7F6F5 !important;\n}\n<\/style>\n\t\t<\/div>\n\t\t\t\t<\/div>\n\t\t\t\t\t\t<\/div>\n\t\t\t\t\t<\/div>\n\t\t<\/div>\n\t\t\t\t\t\t\t\t<\/div>\n\t\t\t\t\t<\/div>\n\t\t<\/section>\n\t\t\t\t<section class=\"elementor-section elementor-top-section elementor-element elementor-element-af204c4 elementor-section-boxed elementor-section-height-default elementor-section-height-default\" data-id=\"af204c4\" data-element_type=\"section\" data-settings=\"{&quot;_ha_eqh_enable&quot;:false}\">\n\t\t\t\t\t\t<div class=\"elementor-container elementor-column-gap-default\">\n\t\t\t\t\t\t\t<div class=\"elementor-row\">\n\t\t\t\t\t<div class=\"elementor-column elementor-col-100 elementor-top-column elementor-element elementor-element-f63057a\" data-id=\"f63057a\" data-element_type=\"column\">\n\t\t\t<div class=\"elementor-column-wrap elementor-element-populated\">\n\t\t\t\t\t\t\t<div class=\"elementor-widget-wrap\">\n\t\t\t\t\t\t<div class=\"elementor-element elementor-element-e2531b7 elementor-widget elementor-widget-html\" data-id=\"e2531b7\" data-element_type=\"widget\" data-widget_type=\"html.default\">\n\t\t\t\t<div class=\"elementor-widget-container\">\n\t\t\t<style>\n    .elementor-692 .elementor-element.elementor-element-2c64836 .elementor-heading-title {\n        font-family: \"atten-round-new\";\n        font-size: 46px;\n    }\n    .elementor-692 .elementor-element.elementor-element-315144d{\n        font-family: \"museo-sans\";\n    }\n    h5, .entry-content h5{\n        font-size: 16px !important;\n    }\n<\/style>\n\t\t<\/div>\n\t\t\t\t<\/div>\n\t\t\t\t\t\t<\/div>\n\t\t\t\t\t<\/div>\n\t\t<\/div>\n\t\t\t\t\t\t\t\t<\/div>\n\t\t\t\t\t<\/div>\n\t\t<\/section>\n\t\t\t\t\t\t\t\t\t<\/div>\n\t\t\t<\/div>\n\t\t\t\t\t<\/div>\n\t\t","protected":false},"excerpt":{"rendered":"<p>Polityka prywatno\u015bci Strona g\u0142\u00f3wna Polityka prywatno\u015bci Polityka prywatno\u015bci Klauzula przetwarzania danych osobowych udost\u0119pnionych drog\u0105 elektroniczn\u0105 &nbsp; I. Administrator danych osobowych Administratorem Pani\/Pana danych osobowych jest PORADNIA ZDROWEGO \u017bYWIENIA Monika Lesiak z siedzib\u0105 w Ostrowie Wielkopolskim, NIP 6222620781, REGON 362925588. &nbsp;II. Cele i podstawy przetwarzania Pani\/Pana dane osobowe przetwarzane s\u0105 w celu: &#8211; realizacji wybranych us\u0142ug &hellip;<\/p>\n<p class=\"read-more\"> <a class=\"\" href=\"https:\/\/monikalesiakdietetyk.pl\/?page_id=692\"> <span class=\"screen-reader-text\">Polityka prywatno\u015bci<\/span> Read More &raquo;<\/a><\/p>\n","protected":false},"author":1,"featured_media":0,"parent":12789,"menu_order":0,"comment_status":"closed","ping_status":"closed","template":"","meta":{"footnotes":""},"typy":[],"acf":[],"yoast_head":"<!-- This site is optimized with the Yoast SEO plugin v20.6 - https:\/\/yoast.com\/wordpress\/plugins\/seo\/ -->\n<title>Polityka prywatno\u015bci - Monika Lesiak<\/title>\n<meta name=\"robots\" content=\"index, follow, max-snippet:-1, max-image-preview:large, max-video-preview:-1\" \/>\n<link rel=\"canonical\" href=\"https:\/\/monikalesiakdietetyk.pl\/?page_id=692\" \/>\n<meta property=\"og:locale\" content=\"pl_PL\" \/>\n<meta property=\"og:type\" content=\"article\" \/>\n<meta property=\"og:title\" content=\"Polityka prywatno\u015bci - Monika Lesiak\" \/>\n<meta property=\"og:description\" content=\"Polityka prywatno\u015bci Strona g\u0142\u00f3wna Polityka prywatno\u015bci Polityka prywatno\u015bci Klauzula przetwarzania danych osobowych udost\u0119pnionych drog\u0105 elektroniczn\u0105 &nbsp; I. Administrator danych osobowych Administratorem Pani\/Pana danych osobowych jest PORADNIA ZDROWEGO \u017bYWIENIA Monika Lesiak z siedzib\u0105 w Ostrowie Wielkopolskim, NIP 6222620781, REGON 362925588. &nbsp;II. Cele i podstawy przetwarzania Pani\/Pana dane osobowe przetwarzane s\u0105 w celu: &#8211; realizacji wybranych us\u0142ug &hellip; Polityka prywatno\u015bci Read More &raquo;\" \/>\n<meta property=\"og:url\" content=\"https:\/\/monikalesiakdietetyk.pl\/?page_id=692\" \/>\n<meta property=\"og:site_name\" content=\"Monika Lesiak\" \/>\n<meta property=\"article:modified_time\" content=\"2023-04-17T18:00:32+00:00\" \/>\n<meta name=\"twitter:card\" content=\"summary_large_image\" \/>\n<meta name=\"twitter:label1\" content=\"Szacowany czas czytania\" \/>\n\t<meta name=\"twitter:data1\" content=\"3 minuty\" \/>\n<script type=\"application\/ld+json\" class=\"yoast-schema-graph\">{\"@context\":\"https:\/\/schema.org\",\"@graph\":[{\"@type\":\"WebPage\",\"@id\":\"https:\/\/monikalesiakdietetyk.pl\/?page_id=692\",\"url\":\"https:\/\/monikalesiakdietetyk.pl\/?page_id=692\",\"name\":\"Polityka prywatno\u015bci - Monika Lesiak\",\"isPartOf\":{\"@id\":\"https:\/\/monikalesiakdietetyk.pl\/#website\"},\"datePublished\":\"2020-12-04T14:10:25+00:00\",\"dateModified\":\"2023-04-17T18:00:32+00:00\",\"breadcrumb\":{\"@id\":\"https:\/\/monikalesiakdietetyk.pl\/?page_id=692#breadcrumb\"},\"inLanguage\":\"pl-PL\",\"potentialAction\":[{\"@type\":\"ReadAction\",\"target\":[\"https:\/\/monikalesiakdietetyk.pl\/?page_id=692\"]}]},{\"@type\":\"BreadcrumbList\",\"@id\":\"https:\/\/monikalesiakdietetyk.pl\/?page_id=692#breadcrumb\",\"itemListElement\":[{\"@type\":\"ListItem\",\"position\":1,\"name\":\"Strona g\u0142\u00f3wna\",\"item\":\"https:\/\/monikalesiakdietetyk.pl\/\"},{\"@type\":\"ListItem\",\"position\":2,\"name\":\"Strona G\u0142\u00f3wna\",\"item\":\"https:\/\/monikalesiakdietetyk.pl\/\"},{\"@type\":\"ListItem\",\"position\":3,\"name\":\"Polityka prywatno\u015bci\"}]},{\"@type\":\"WebSite\",\"@id\":\"https:\/\/monikalesiakdietetyk.pl\/#website\",\"url\":\"https:\/\/monikalesiakdietetyk.pl\/\",\"name\":\"Monika Lesiak\",\"description\":\"Monika Lesiak\",\"potentialAction\":[{\"@type\":\"SearchAction\",\"target\":{\"@type\":\"EntryPoint\",\"urlTemplate\":\"https:\/\/monikalesiakdietetyk.pl\/?s={search_term_string}\"},\"query-input\":\"required name=search_term_string\"}],\"inLanguage\":\"pl-PL\"}]}<\/script>\n<!-- \/ Yoast SEO plugin. -->","yoast_head_json":{"title":"Polityka prywatno\u015bci - Monika Lesiak","robots":{"index":"index","follow":"follow","max-snippet":"max-snippet:-1","max-image-preview":"max-image-preview:large","max-video-preview":"max-video-preview:-1"},"canonical":"https:\/\/monikalesiakdietetyk.pl\/?page_id=692","og_locale":"pl_PL","og_type":"article","og_title":"Polityka prywatno\u015bci - Monika Lesiak","og_description":"Polityka prywatno\u015bci Strona g\u0142\u00f3wna Polityka prywatno\u015bci Polityka prywatno\u015bci Klauzula przetwarzania danych osobowych udost\u0119pnionych drog\u0105 elektroniczn\u0105 &nbsp; I. Administrator danych osobowych Administratorem Pani\/Pana danych osobowych jest PORADNIA ZDROWEGO \u017bYWIENIA Monika Lesiak z siedzib\u0105 w Ostrowie Wielkopolskim, NIP 6222620781, REGON 362925588. &nbsp;II. Cele i podstawy przetwarzania Pani\/Pana dane osobowe przetwarzane s\u0105 w celu: &#8211; realizacji wybranych us\u0142ug &hellip; Polityka prywatno\u015bci Read More &raquo;","og_url":"https:\/\/monikalesiakdietetyk.pl\/?page_id=692","og_site_name":"Monika Lesiak","article_modified_time":"2023-04-17T18:00:32+00:00","twitter_card":"summary_large_image","twitter_misc":{"Szacowany czas czytania":"3 minuty"},"schema":{"@context":"https:\/\/schema.org","@graph":[{"@type":"WebPage","@id":"https:\/\/monikalesiakdietetyk.pl\/?page_id=692","url":"https:\/\/monikalesiakdietetyk.pl\/?page_id=692","name":"Polityka prywatno\u015bci - Monika Lesiak","isPartOf":{"@id":"https:\/\/monikalesiakdietetyk.pl\/#website"},"datePublished":"2020-12-04T14:10:25+00:00","dateModified":"2023-04-17T18:00:32+00:00","breadcrumb":{"@id":"https:\/\/monikalesiakdietetyk.pl\/?page_id=692#breadcrumb"},"inLanguage":"pl-PL","potentialAction":[{"@type":"ReadAction","target":["https:\/\/monikalesiakdietetyk.pl\/?page_id=692"]}]},{"@type":"BreadcrumbList","@id":"https:\/\/monikalesiakdietetyk.pl\/?page_id=692#breadcrumb","itemListElement":[{"@type":"ListItem","position":1,"name":"Strona g\u0142\u00f3wna","item":"https:\/\/monikalesiakdietetyk.pl\/"},{"@type":"ListItem","position":2,"name":"Strona G\u0142\u00f3wna","item":"https:\/\/monikalesiakdietetyk.pl\/"},{"@type":"ListItem","position":3,"name":"Polityka prywatno\u015bci"}]},{"@type":"WebSite","@id":"https:\/\/monikalesiakdietetyk.pl\/#website","url":"https:\/\/monikalesiakdietetyk.pl\/","name":"Monika Lesiak","description":"Monika Lesiak","potentialAction":[{"@type":"SearchAction","target":{"@type":"EntryPoint","urlTemplate":"https:\/\/monikalesiakdietetyk.pl\/?s={search_term_string}"},"query-input":"required name=search_term_string"}],"inLanguage":"pl-PL"}]}},"_links":{"self":[{"href":"https:\/\/monikalesiakdietetyk.pl\/index.php?rest_route=\/wp\/v2\/pages\/692"}],"collection":[{"href":"https:\/\/monikalesiakdietetyk.pl\/index.php?rest_route=\/wp\/v2\/pages"}],"about":[{"href":"https:\/\/monikalesiakdietetyk.pl\/index.php?rest_route=\/wp\/v2\/types\/page"}],"author":[{"embeddable":true,"href":"https:\/\/monikalesiakdietetyk.pl\/index.php?rest_route=\/wp\/v2\/users\/1"}],"replies":[{"embeddable":true,"href":"https:\/\/monikalesiakdietetyk.pl\/index.php?rest_route=%2Fwp%2Fv2%2Fcomments&post=692"}],"version-history":[{"count":174,"href":"https:\/\/monikalesiakdietetyk.pl\/index.php?rest_route=\/wp\/v2\/pages\/692\/revisions"}],"predecessor-version":[{"id":12641,"href":"https:\/\/monikalesiakdietetyk.pl\/index.php?rest_route=\/wp\/v2\/pages\/692\/revisions\/12641"}],"up":[{"embeddable":true,"href":"https:\/\/monikalesiakdietetyk.pl\/index.php?rest_route=\/wp\/v2\/pages\/12789"}],"wp:attachment":[{"href":"https:\/\/monikalesiakdietetyk.pl\/index.php?rest_route=%2Fwp%2Fv2%2Fmedia&parent=692"}],"wp:term":[{"taxonomy":"typy","embeddable":true,"href":"https:\/\/monikalesiakdietetyk.pl\/index.php?rest_route=%2Fwp%2Fv2%2Ftypy&post=692"}],"curies":[{"name":"wp","href":"https:\/\/api.w.org\/{rel}","templated":true}]}}