{"id":13008,"date":"2023-04-18T20:08:54","date_gmt":"2023-04-18T18:08:54","guid":{"rendered":"https:\/\/monikalesiakdietetyk.pl\/?page_id=13008"},"modified":"2023-04-18T20:19:22","modified_gmt":"2023-04-18T18:19:22","slug":"ciasteczka-copy","status":"publish","type":"page","link":"https:\/\/monikalesiakdietetyk.pl\/?page_id=13008","title":{"rendered":"Ciasteczka &#8211; Copy"},"content":{"rendered":"\t\t<div data-elementor-type=\"wp-page\" data-elementor-id=\"13008\" class=\"elementor elementor-13008\">\n\t\t\t\t\t\t<div class=\"elementor-inner\">\n\t\t\t\t<div class=\"elementor-section-wrap\">\n\t\t\t\t\t\t\t\t\t<section class=\"elementor-section elementor-top-section elementor-element elementor-element-5c93682d elementor-section-full_width elementor-hidden-phone  header blog-header elementor-section-height-default elementor-section-height-default\" data-id=\"5c93682d\" data-element_type=\"section\" id=\"header blog-header\" data-settings=\"{&quot;background_background&quot;:&quot;classic&quot;,&quot;_ha_eqh_enable&quot;:false}\">\n\t\t\t\t\t\t<div class=\"elementor-container elementor-column-gap-default\">\n\t\t\t\t\t\t\t<div class=\"elementor-row\">\n\t\t\t\t\t<div class=\"elementor-column elementor-col-100 elementor-top-column elementor-element elementor-element-21eb0e89\" data-id=\"21eb0e89\" data-element_type=\"column\">\n\t\t\t<div class=\"elementor-column-wrap elementor-element-populated\">\n\t\t\t\t\t\t\t<div class=\"elementor-widget-wrap\">\n\t\t\t\t\t\t<div class=\"elementor-element elementor-element-3184d7cd elementor-widget elementor-widget-shortcode\" data-id=\"3184d7cd\" data-element_type=\"widget\" data-widget_type=\"shortcode.default\">\n\t\t\t\t<div class=\"elementor-widget-container\">\n\t\t\t\t\t<div class=\"elementor-shortcode\"><style>\n\n    .page-title-wrapper {\n        box-sizing: border-box;\n        padding: 3rem 0 4rem 11vw;\n    }\n    .page_title {\n              font-family: \"atten-round-new\" !important;\n        font-size: 60px!important;\n        font-weight: 600 !important;\n        color: #333745;\n    }\n    .page_breadcrumb{\n        display: flex;\n        align-content: center;\n        align-content: center;\n        font-family: \"museo-sans\";\n        font-size: 20px!important;;\n        font-weight: 600;\n        color: #333745;\n        \n    }\n    \n    .breadcrumb__arrow{\n        margin: 0px 20px;\n        color: #F9BC06;\n        font-size: 15px!important;\n    }\n  .page_breadcrumb a{\n    color: #333745\n}\n\n  .header{\n     width:1920px;\n    }\n\n.page_breadcrumb:hover > a , .page_breadcrumb:focus > a{\n     text-decoration: none;\n}\n\n@media(min-width:1920px) {\n.site-content {\n    display: flex;\n    justify-content: center;\n  }\n\n \n}\n   \n<\/style>\n\n\n\n\n<div class=\"page-title-wrapper\">\n    <h1 class=\"page_title\">Regulamin wsp\u00f3\u0142pracy dietetycznej<\/h1>\n    <div class=\"page_breadcrumb\"><a href=\"https:\/\/monikalesiakdietetyk.pl\/\">\n    Strona g\u0142\u00f3wna<\/a>\n     <span><i class=\"breadcrumb__arrow fa fa-chevron-right\"><\/i><\/span>\n    <span>Regulamin wsp\u00f3\u0142pracy dietetycznej<\/span>\n \n \n<\/div>\n<\/div>\n\n<\/div>\n\t\t\t\t<\/div>\n\t\t\t\t<\/div>\n\t\t\t\t\t\t<\/div>\n\t\t\t\t\t<\/div>\n\t\t<\/div>\n\t\t\t\t\t\t\t\t<\/div>\n\t\t\t\t\t<\/div>\n\t\t<\/section>\n\t\t\t\t<section class=\"elementor-section elementor-top-section elementor-element elementor-element-6012d0ee elementor-section-boxed elementor-section-height-default elementor-section-height-default\" data-id=\"6012d0ee\" data-element_type=\"section\" data-settings=\"{&quot;_ha_eqh_enable&quot;:false}\">\n\t\t\t\t\t\t<div class=\"elementor-container elementor-column-gap-default\">\n\t\t\t\t\t\t\t<div class=\"elementor-row\">\n\t\t\t\t\t<div class=\"elementor-column elementor-col-100 elementor-top-column elementor-element elementor-element-7deee648\" data-id=\"7deee648\" data-element_type=\"column\">\n\t\t\t<div class=\"elementor-column-wrap elementor-element-populated\">\n\t\t\t\t\t\t\t<div class=\"elementor-widget-wrap\">\n\t\t\t\t\t\t<div class=\"elementor-element elementor-element-72983ed5 elementor-hidden-desktop elementor-hidden-tablet elementor-widget elementor-widget-html\" data-id=\"72983ed5\" data-element_type=\"widget\" data-widget_type=\"html.default\">\n\t\t\t\t<div class=\"elementor-widget-container\">\n\t\t\t<style>\n      .page_title--phone {\n              font-family: \"atten-round-new\" !important;\n        font-size: 60px!important;\n        font-weight: 600 !important;\n        color: #333745;\n        text-align: center;\n    }\n<\/style>\n \n \n <h1 class=\"page_title--phone\">Regulamin wsp\u00f3\u0142pracy dietetycznej<\/h1>\t\t<\/div>\n\t\t\t\t<\/div>\n\t\t\t\t\t\t<\/div>\n\t\t\t\t\t<\/div>\n\t\t<\/div>\n\t\t\t\t\t\t\t\t<\/div>\n\t\t\t\t\t<\/div>\n\t\t<\/section>\n\t\t\t\t<section class=\"elementor-section elementor-top-section elementor-element elementor-element-3c8d6077 elementor-section-boxed elementor-section-height-default elementor-section-height-default\" data-id=\"3c8d6077\" data-element_type=\"section\" data-settings=\"{&quot;_ha_eqh_enable&quot;:false}\">\n\t\t\t\t\t\t<div class=\"elementor-container elementor-column-gap-default\">\n\t\t\t\t\t\t\t<div class=\"elementor-row\">\n\t\t\t\t\t<div class=\"elementor-column elementor-col-50 elementor-top-column elementor-element elementor-element-193d8e00\" data-id=\"193d8e00\" data-element_type=\"column\">\n\t\t\t<div class=\"elementor-column-wrap elementor-element-populated\">\n\t\t\t\t\t\t\t<div class=\"elementor-widget-wrap\">\n\t\t\t\t\t\t<div class=\"elementor-element elementor-element-11feaa57 elementor-widget elementor-widget-heading\" data-id=\"11feaa57\" data-element_type=\"widget\" id=\"cks-hd\" data-widget_type=\"heading.default\">\n\t\t\t\t<div class=\"elementor-widget-container\">\n\t\t\t<h6 class=\"elementor-heading-title elementor-size-default\">W celu \u015bwiadczenia us\u0142ug na najwy\u017cszym poziomie stosuj\u0119 na mojej stronie pliki cookies. Korzystanie z witryny oznacza, \u017ce b\u0119d\u0105 one zamieszczane w Twoim urz\u0105dzeniu. W ka\u017cdym momencie mo\u017cesz dokona\u0107 zmiany ustawie\u0144 przegl\u0105darki. Dodatkowo, korzystanie z witryny oznacza akceptacj\u0119 klauzuli przetwarzania danych osobowych udost\u0119pnionych drog\u0105 elektroniczn\u0105.<\/h6>\t\t<\/div>\n\t\t\t\t<\/div>\n\t\t\t\t<div class=\"elementor-element elementor-element-54561494 elementor-widget elementor-widget-text-editor\" data-id=\"54561494\" data-element_type=\"widget\" data-widget_type=\"text-editor.default\">\n\t\t\t\t<div class=\"elementor-widget-container\">\n\t\t\t\t\t\t\t\t<div class=\"elementor-text-editor elementor-clearfix\">\n\t\t\t\t<h3>\u00a0 I. Definicje<\/h3><p style=\"padding-left: 40px;\">Dietetyk \u2013 Dietetyk Monika Lesiak<br \/><span style=\"font-size: 16px;\">Pacjent \u2013 Ka\u017cda osoba, kt\u00f3ra uko\u0144czy\u0142a 16 rok \u017cycia i zamawia lub zam\u00f3wi\u0142a us\u0142ug\u0119 oferowan\u0105 przez\u00a0<\/span><span style=\"font-size: 16px;\">Dietetyka<br \/><\/span><span style=\"font-size: 16px;\">Materia\u0142y \u2013 Wszystkie pliki\/dokumenty, kt\u00f3re Dietetyk przekazuje Pacjentowi w trakcie wsp\u00f3\u0142pracy.<\/span><\/p><h3>\u00a0II. Informacje og\u00f3lne<\/h3><p style=\"padding-left: 40px;\">Niniejszy Regulamin okre\u015bla zasady korzystania z us\u0142ug dietetycznych \u015bwiadczonych przez Dietetyka\u00a0<span style=\"font-size: 16px;\">Monik\u0119 Lesiak.<br \/><\/span><span style=\"font-size: 16px;\">Ka\u017cdy Pacjent korzystaj\u0105cy z us\u0142ug dietetycznych o\u015bwiadcza, \u017ce zapozna\u0142 si\u0119 i akceptuje postanawiania\u00a0<\/span><span style=\"font-size: 16px;\">niniejszego regulaminu. Je\u017celi pacjent nie zgadza si\u0119 z kt\u00f3rym\u015b podpunkt\u00f3w dotycz\u0105cych wsp\u00f3\u0142pracy,\u00a0<\/span><span style=\"font-size: 16px;\">wymagane jest poinformowanie o tym Dietetyka poprzez e-mail.<\/span><\/p><h3>III. Wsp\u00f3\u0142praca<\/h3><p style=\"padding-left: 40px;\">W przypadku wizyt online, mail z formularzem jest wysy\u0142any przez Dietetyka na podany przez Pacjenta\u00a0<span style=\"font-size: 16px;\">adres mailowy w ci\u0105gu 1 dnia roboczego (24h) od dokonania p\u0142atno\u015bci. W przypadki wizyty\u00a0<\/span><span style=\"font-size: 16px;\">stacjonarnej formularz jest wype\u0142niany na wizycie w gabinecie, wsp\u00f3lnie z Dietetykiem.<\/span><\/p><p style=\"padding-left: 40px;\">Wszystkie materia\u0142y z wizyt stacjonarnych i online s\u0105 wysy\u0142ane w formie elektronicznej.<\/p><p style=\"padding-left: 40px;\">Miesi\u0105c wsp\u00f3\u0142pracy rozpoczyna si\u0119 w dniu wys\u0142ania do pacjenta wszystkich materia\u0142\u00f3w przez\u00a0<span style=\"font-size: 16px;\">Dietetyka lub od dnia rozpocz\u0119cia diety (nie p\u00f3\u017aniej ni\u017c 7 dni od otrzymania materia\u0142\u00f3w)\u00a0<\/span><span style=\"font-size: 16px;\">i ko\u0144czy po 30 dniach od tej daty.<\/span><\/p><p style=\"padding-left: 40px;\">By utrzyma\u0107 ci\u0105g\u0142o\u015b\u0107 wsp\u00f3\u0142pracy (w przypadku ch\u0119ci d\u0142u\u017cszej wsp\u00f3\u0142pracy) i otrzymywa\u0107 kolejne\u00a0<span style=\"font-size: 16px;\">jad\u0142ospisy na nast\u0119pny miesi\u0105c, Pacjent powinien przed\u0142u\u017cy\u0107 wsp\u00f3\u0142prac\u0119 nie p\u00f3\u017aniej ni\u017c 2 tygodnie\u00a0<\/span><span style=\"font-size: 16px;\">przed up\u0142ywem danego miesi\u0105ca wsp\u00f3\u0142pracy, tak by umo\u017cliwi\u0107 dietetykowi wykonanie ich na czas.<\/span><\/p><p style=\"padding-left: 40px;\">W przypadku pakiet\u00f3w (na 2 miesi\u0105ce oraz 5 miesi\u0119cy wsp\u00f3\u0142pracy dietetycznej) jad\u0142ospisy na kolejny\u00a0<span style=\"font-size: 16px;\">miesi\u0105c b\u0119d\u0105 wysy\u0142ane do Pacjenta najp\u00f3\u017aniej 3 dni przed up\u0142ywem poprzedniego miesi\u0105ca\u00a0<\/span><span style=\"font-size: 16px;\">wsp\u00f3\u0142pracy, po uprzedniej konsultacji kontrolnej.<\/span><\/p><h3>IV. Prawa i obowi\u0105zki Pacjenta<\/h3><p style=\"padding-left: 40px;\">Pacjent udziela Dietetykowi wszelkich niezb\u0119dnych informacji na wizycie stacjonarnej lub wype\u0142niaj\u0105c formularz przes\u0142any przez Dietetyka. Przybli\u017cy to Dietetykowi codzienny spos\u00f3b od\u017cywiania Pacjenta i pomo\u017ce u\u0142o\u017cy\u0107 dostosowany do potrzeb Pacjenta jad\u0142ospis.<\/p><p style=\"padding-left: 40px;\">Pacjent powinien rozpocz\u0105\u0107 stosowanie si\u0119 do zalece\u0144 dietetycznych i jad\u0142ospisu w ci\u0105gu 7 dni od przes\u0142ania przez Dietetyka wszystkich potrzebnych materia\u0142\u00f3w.<\/p><p style=\"padding-left: 40px;\">Pacjent w trakcie korzystania z us\u0142ug Dietetyka zobowi\u0105zany jest podawa\u0107 Dietetykowi wy\u0142\u0105cznie prawdziwe dane oraz ka\u017cdorazowo informowa\u0107 Dietetyka o ich zmianach.<\/p><p style=\"padding-left: 40px;\">W przypadku udzielenia przez Pacjenta niepe\u0142nej lub nieprawdziwej informacji dotycz\u0105cej jego stanu zdrowia, a tak\u017ce niepoinformowania o zmianie stanu zdrowia, Dietetyk nie ponosi odpowiedzialno\u015bci za nast\u0119pstwa stosowania przez Pacjenta u\u0142o\u017conej diety.<\/p><p style=\"padding-left: 40px;\">W przypadku jakichkolwiek w\u0105tpliwo\u015bci Pacjent przed rozpocz\u0119ciem diety powinien skonsultowa\u0107 mo\u017cliwo\u015b\u0107 jej stosowania z lekarzem.<\/p><p style=\"padding-left: 40px;\">Pacjent wyra\u017ca zgod\u0119 na terapi\u0119 dietetyczn\u0105 i zobowi\u0105zuje si\u0119 stosowa\u0107 u\u0142o\u017con\u0105 przez Dietetyka diet\u0119 oraz zdaje sobie spraw\u0119 z tego, \u017ce po\u017c\u0105dane efekty, zale\u017c\u0105 g\u0142\u00f3wnie od tego, czy stosuje si\u0119 do zalece\u0144 dietetycznych.<\/p><p style=\"padding-left: 40px;\">Pacjent ma obowi\u0105zek poinformowa\u0107 o wszelkich problemach zdrowotnych pojawiaj\u0105cych si\u0119 w trakcie stosowania si\u0119 do zalece\u0144.<\/p><p style=\"padding-left: 40px;\">W zale\u017cno\u015bci od wybranego pakietu Pacjent ma prawo kontaktowa\u0107 si\u0119 z Dietetykiem za pomoc\u0105 poczty elektronicznej e-mail: dietetyk@monikalesiakdietetyk.pl<\/p><p style=\"padding-left: 40px;\">Pacjent zobowi\u0105zuje si\u0119 odes\u0142a\u0107 wype\u0142niony formularz oraz wyniki bada\u0144 laboratoryjnych na dwa dni robocze przed um\u00f3wionym terminem konsultacji.<\/p><p style=\"padding-left: 40px;\">W przypadku wizyty stacjonarnej, wyniki bada\u0144 laboratoryjnych, zaleca si\u0119 r\u00f3wnie\u017c, przes\u0142a\u0107 drog\u0105 elektroniczna do wcze\u015bniejszego wgl\u0105du Dietetykowi.<\/p><p style=\"padding-left: 40px;\">Po otrzymaniu diety nale\u017cy najpierw dok\u0142adanie zapozna\u0107 si\u0119 z zaleceniami, aby unikn\u0105\u0107 zadawania niepotrzebnych pyta\u0144. W razie, gdyby co\u015b by\u0142o niejasne, a nie zosta\u0142o uwzgl\u0119dnione w zaleceniach,<\/p><p style=\"padding-left: 40px;\">Pacjent mo\u017ce skontaktowa\u0107 si\u0119 poprzez e-mail dietetyk@monikalesiakdietetyk.pl<\/p><p style=\"padding-left: 40px;\">U\u0142o\u017cony jad\u0142ospis nie podlega zwrotowi.<\/p><h3>\u00a0V. Prawa i obowi\u0105zki Dietetyka.<\/h3><p style=\"padding-left: 40px;\">Dietetyk analizuje formularz i wyniki bada\u0144 przes\u0142ane przez pacjenta lub omawiane na wizycie stacjonarnej i na ich podstawie uk\u0142ada dopasowany do potrzeb Pacjenta jad\u0142ospis. Jad\u0142ospis jest wysy\u0142any do 7 dni roboczych od dnia konsultacji stacjonarnej, telefonicznej lub poprzez zoom lub skype.<\/p><p style=\"padding-left: 40px;\">Dietetyk zobowi\u0105zuje si\u0119 do zachowania tajemnicy wszystkich powierzonych mu przez Pacjenta informacji.<\/p><p style=\"padding-left: 40px;\">Po zapoznaniu si\u0119 z jad\u0142ospisem mo\u017cliwo\u015b\u0107 modyfikacji przepis\u00f3w lub u\u017cytych produkt\u00f3w jest mo\u017cliwa do maksymalnie 7 dni od daty rozpocz\u0119cia diety.<\/p><p style=\"padding-left: 40px;\">W przypadku, gdy kt\u00f3ry\u015b przepis\u00f3w z diety nie b\u0119dzie smakowa\u0142 lub b\u0119dzie trudno\u015b\u0107 z jego przygotowaniem, dopuszcza si\u0119 jednorazow\u0105 zmian\u0119. Nale\u017cy zg\u0142osi\u0107 ten fakt Dietetykowi w wiadomo\u015bci e-mail (dlatego bardzo wa\u017cne jest dok\u0142adne okre\u015blenie swoich preferencji \u017cywieniowych ju\u017c w formularzu).<\/p><p style=\"padding-left: 40px;\">W przypadku jad\u0142ospisu 7-dniowego jest mo\u017cliwo\u015b\u0107 wymiany maksymalnie 2 posi\u0142k\u00f3w, a tak\u017ce 2 produkt\u00f3w.<\/p><p style=\"padding-left: 40px;\">Wszystkie nieodp\u0142atne zmiany w jad\u0142ospisach zostan\u0105 wykonane do 7 dni roboczych od otrzymania wiadomo\u015bci.<\/p><p style=\"padding-left: 40px;\">Dietetyk odpisuje na wiadomo\u015bci e-mail od poniedzia\u0142ku do pi\u0105tku.<\/p><p style=\"padding-left: 40px;\">Dietetyk nie odpowiada na wiadomo\u015bci w soboty, niedziel\u0119 i \u015bwi\u0119ta (opr\u00f3cz sytuacji wyj\u0105tkowych i gdy akurat pracuje w weekend czy \u015bwi\u0119ta).<\/p><p style=\"padding-left: 40px;\">Dietetyk ma prawo zerwa\u0107 wsp\u00f3\u0142prace z pacjentem, je\u015bli pacjent nie chce stosowa\u0107 si\u0119 do zalece\u0144 oraz w przypadku braku kontaktu ze strony, przez okres d\u0142u\u017cszy ni\u017c 3 tygodnie.<\/p><h3 style=\"font-size: 1.66667rem; font-style: normal;\">\u00a0VI. Postanowienia ko\u0144cowe<\/h3><div><p style=\"padding-left: 40px;\">Konsultacje dokonywane przez Dietetyka maj\u0105 charakter informacyjny i nie zast\u0119puj\u0105 porady lekarskiej. Pacjent, stosuj\u0105c si\u0119 do nich bierze odpowiedzialno\u015b\u0107 za swoje dzia\u0142ania i stan zdrowia.<\/p><p style=\"padding-left: 40px;\">Pacjent przyjmuje do wiadomo\u015bci, \u017ce przygotowana dla niego dieta jest opracowywana z dba\u0142o\u015bci\u0105 o jego zdrowie, wed\u0142ug indywidualnej interpretacji stanu zdrowia, wynik\u00f3w bada\u0144, a tak\u017ce oparta jest na profesjonalnej wiedzy i do\u015bwiadczeniu Dietetyka.\u00a0<\/p><p style=\"padding-left: 40px;\">Us\u0142ugi \u015bwiadczone przez Dietetyka nie daj\u0105 gwarancji odniesienia skutku oczekiwanego przez Pacjenta, z uwagi na z\u0142o\u017cono\u015b\u0107 cia\u0142a ludzkiego i czynnik\u00f3w \u015brodowiskowych maj\u0105cych wp\u0142yw na efekt porad dietetycznych.<\/p><p style=\"padding-left: 40px;\">Ka\u017cda us\u0142uga, konsultacja i wszystkie informacje z nimi zwi\u0105zane s\u0105 przygotowywane indywidualnie dla konkretnego Pacjenta. Zabronione jest rozpowszechnianie ich, kopiowanie, odsprzedawanie, udost\u0119pnianie publiczne lub indywidualne bez pisemnej zgody Dietetyka.\u00a0<\/p><p style=\"padding-left: 40px;\">Pacjent ma prawo do pobierania, drukowania i przetwarzania Materia\u0142\u00f3w na w\u0142asny u\u017cytek, pod warunkiem nienaruszania praw autorskich.<\/p><\/div><div>\u00a0<\/div>\t\t\t\t\t<\/div>\n\t\t\t\t\t\t<\/div>\n\t\t\t\t<\/div>\n\t\t\t\t\t\t<\/div>\n\t\t\t\t\t<\/div>\n\t\t<\/div>\n\t\t\t\t<div class=\"elementor-column elementor-col-50 elementor-top-column elementor-element elementor-element-7c208482\" data-id=\"7c208482\" data-element_type=\"column\">\n\t\t\t<div class=\"elementor-column-wrap\">\n\t\t\t\t\t\t\t<div class=\"elementor-widget-wrap\">\n\t\t\t\t\t\t\t\t<\/div>\n\t\t\t\t\t<\/div>\n\t\t<\/div>\n\t\t\t\t\t\t\t\t<\/div>\n\t\t\t\t\t<\/div>\n\t\t<\/section>\n\t\t\t\t\t\t\t\t\t<\/div>\n\t\t\t<\/div>\n\t\t\t\t\t<\/div>\n\t\t","protected":false},"excerpt":{"rendered":"<p>Regulamin wsp\u00f3\u0142pracy dietetycznej Strona g\u0142\u00f3wna Regulamin wsp\u00f3\u0142pracy dietetycznej Regulamin wsp\u00f3\u0142pracy dietetycznej W celu \u015bwiadczenia us\u0142ug na najwy\u017cszym poziomie stosuj\u0119 na mojej stronie pliki cookies. Korzystanie z witryny oznacza, \u017ce b\u0119d\u0105 one zamieszczane w Twoim urz\u0105dzeniu. W ka\u017cdym momencie mo\u017cesz dokona\u0107 zmiany ustawie\u0144 przegl\u0105darki. Dodatkowo, korzystanie z witryny oznacza akceptacj\u0119 klauzuli przetwarzania danych osobowych udost\u0119pnionych drog\u0105 &hellip;<\/p>\n<p class=\"read-more\"> <a class=\"\" href=\"https:\/\/monikalesiakdietetyk.pl\/?page_id=13008\"> <span class=\"screen-reader-text\">Ciasteczka &#8211; Copy<\/span> Read More &raquo;<\/a><\/p>\n","protected":false},"author":5,"featured_media":0,"parent":12789,"menu_order":0,"comment_status":"closed","ping_status":"closed","template":"","meta":{"footnotes":""},"typy":[],"acf":[],"yoast_head":"<!-- This site is optimized with the Yoast SEO plugin v20.6 - https:\/\/yoast.com\/wordpress\/plugins\/seo\/ -->\n<title>Ciasteczka &#8211; Copy - Monika Lesiak<\/title>\n<meta name=\"robots\" content=\"index, follow, max-snippet:-1, max-image-preview:large, max-video-preview:-1\" \/>\n<link rel=\"canonical\" href=\"https:\/\/monikalesiakdietetyk.pl\/?page_id=13008\" \/>\n<meta property=\"og:locale\" content=\"pl_PL\" \/>\n<meta property=\"og:type\" content=\"article\" \/>\n<meta property=\"og:title\" content=\"Ciasteczka &#8211; Copy - Monika Lesiak\" \/>\n<meta property=\"og:description\" content=\"Regulamin wsp\u00f3\u0142pracy dietetycznej Strona g\u0142\u00f3wna Regulamin wsp\u00f3\u0142pracy dietetycznej Regulamin wsp\u00f3\u0142pracy dietetycznej W celu \u015bwiadczenia us\u0142ug na najwy\u017cszym poziomie stosuj\u0119 na mojej stronie pliki cookies. Korzystanie z witryny oznacza, \u017ce b\u0119d\u0105 one zamieszczane w Twoim urz\u0105dzeniu. W ka\u017cdym momencie mo\u017cesz dokona\u0107 zmiany ustawie\u0144 przegl\u0105darki. Dodatkowo, korzystanie z witryny oznacza akceptacj\u0119 klauzuli przetwarzania danych osobowych udost\u0119pnionych drog\u0105 &hellip; Ciasteczka &#8211; Copy Read More &raquo;\" \/>\n<meta property=\"og:url\" content=\"https:\/\/monikalesiakdietetyk.pl\/?page_id=13008\" \/>\n<meta property=\"og:site_name\" content=\"Monika Lesiak\" \/>\n<meta property=\"article:modified_time\" content=\"2023-04-18T18:19:22+00:00\" \/>\n<meta name=\"twitter:card\" content=\"summary_large_image\" \/>\n<meta name=\"twitter:label1\" content=\"Szacowany czas czytania\" \/>\n\t<meta name=\"twitter:data1\" content=\"5 minut\" \/>\n<script type=\"application\/ld+json\" class=\"yoast-schema-graph\">{\"@context\":\"https:\/\/schema.org\",\"@graph\":[{\"@type\":\"WebPage\",\"@id\":\"https:\/\/monikalesiakdietetyk.pl\/?page_id=13008\",\"url\":\"https:\/\/monikalesiakdietetyk.pl\/?page_id=13008\",\"name\":\"Ciasteczka &#8211; Copy - Monika Lesiak\",\"isPartOf\":{\"@id\":\"https:\/\/monikalesiakdietetyk.pl\/#website\"},\"datePublished\":\"2023-04-18T18:08:54+00:00\",\"dateModified\":\"2023-04-18T18:19:22+00:00\",\"breadcrumb\":{\"@id\":\"https:\/\/monikalesiakdietetyk.pl\/?page_id=13008#breadcrumb\"},\"inLanguage\":\"pl-PL\",\"potentialAction\":[{\"@type\":\"ReadAction\",\"target\":[\"https:\/\/monikalesiakdietetyk.pl\/?page_id=13008\"]}]},{\"@type\":\"BreadcrumbList\",\"@id\":\"https:\/\/monikalesiakdietetyk.pl\/?page_id=13008#breadcrumb\",\"itemListElement\":[{\"@type\":\"ListItem\",\"position\":1,\"name\":\"Strona g\u0142\u00f3wna\",\"item\":\"https:\/\/monikalesiakdietetyk.pl\/\"},{\"@type\":\"ListItem\",\"position\":2,\"name\":\"Strona G\u0142\u00f3wna\",\"item\":\"https:\/\/monikalesiakdietetyk.pl\/\"},{\"@type\":\"ListItem\",\"position\":3,\"name\":\"Ciasteczka &#8211; Copy\"}]},{\"@type\":\"WebSite\",\"@id\":\"https:\/\/monikalesiakdietetyk.pl\/#website\",\"url\":\"https:\/\/monikalesiakdietetyk.pl\/\",\"name\":\"Monika Lesiak\",\"description\":\"Monika Lesiak\",\"potentialAction\":[{\"@type\":\"SearchAction\",\"target\":{\"@type\":\"EntryPoint\",\"urlTemplate\":\"https:\/\/monikalesiakdietetyk.pl\/?s={search_term_string}\"},\"query-input\":\"required name=search_term_string\"}],\"inLanguage\":\"pl-PL\"}]}<\/script>\n<!-- \/ Yoast SEO plugin. -->","yoast_head_json":{"title":"Ciasteczka &#8211; Copy - Monika Lesiak","robots":{"index":"index","follow":"follow","max-snippet":"max-snippet:-1","max-image-preview":"max-image-preview:large","max-video-preview":"max-video-preview:-1"},"canonical":"https:\/\/monikalesiakdietetyk.pl\/?page_id=13008","og_locale":"pl_PL","og_type":"article","og_title":"Ciasteczka &#8211; Copy - Monika Lesiak","og_description":"Regulamin wsp\u00f3\u0142pracy dietetycznej Strona g\u0142\u00f3wna Regulamin wsp\u00f3\u0142pracy dietetycznej Regulamin wsp\u00f3\u0142pracy dietetycznej W celu \u015bwiadczenia us\u0142ug na najwy\u017cszym poziomie stosuj\u0119 na mojej stronie pliki cookies. Korzystanie z witryny oznacza, \u017ce b\u0119d\u0105 one zamieszczane w Twoim urz\u0105dzeniu. W ka\u017cdym momencie mo\u017cesz dokona\u0107 zmiany ustawie\u0144 przegl\u0105darki. Dodatkowo, korzystanie z witryny oznacza akceptacj\u0119 klauzuli przetwarzania danych osobowych udost\u0119pnionych drog\u0105 &hellip; Ciasteczka &#8211; Copy Read More &raquo;","og_url":"https:\/\/monikalesiakdietetyk.pl\/?page_id=13008","og_site_name":"Monika Lesiak","article_modified_time":"2023-04-18T18:19:22+00:00","twitter_card":"summary_large_image","twitter_misc":{"Szacowany czas czytania":"5 minut"},"schema":{"@context":"https:\/\/schema.org","@graph":[{"@type":"WebPage","@id":"https:\/\/monikalesiakdietetyk.pl\/?page_id=13008","url":"https:\/\/monikalesiakdietetyk.pl\/?page_id=13008","name":"Ciasteczka &#8211; Copy - Monika Lesiak","isPartOf":{"@id":"https:\/\/monikalesiakdietetyk.pl\/#website"},"datePublished":"2023-04-18T18:08:54+00:00","dateModified":"2023-04-18T18:19:22+00:00","breadcrumb":{"@id":"https:\/\/monikalesiakdietetyk.pl\/?page_id=13008#breadcrumb"},"inLanguage":"pl-PL","potentialAction":[{"@type":"ReadAction","target":["https:\/\/monikalesiakdietetyk.pl\/?page_id=13008"]}]},{"@type":"BreadcrumbList","@id":"https:\/\/monikalesiakdietetyk.pl\/?page_id=13008#breadcrumb","itemListElement":[{"@type":"ListItem","position":1,"name":"Strona g\u0142\u00f3wna","item":"https:\/\/monikalesiakdietetyk.pl\/"},{"@type":"ListItem","position":2,"name":"Strona G\u0142\u00f3wna","item":"https:\/\/monikalesiakdietetyk.pl\/"},{"@type":"ListItem","position":3,"name":"Ciasteczka &#8211; Copy"}]},{"@type":"WebSite","@id":"https:\/\/monikalesiakdietetyk.pl\/#website","url":"https:\/\/monikalesiakdietetyk.pl\/","name":"Monika Lesiak","description":"Monika Lesiak","potentialAction":[{"@type":"SearchAction","target":{"@type":"EntryPoint","urlTemplate":"https:\/\/monikalesiakdietetyk.pl\/?s={search_term_string}"},"query-input":"required name=search_term_string"}],"inLanguage":"pl-PL"}]}},"_links":{"self":[{"href":"https:\/\/monikalesiakdietetyk.pl\/index.php?rest_route=\/wp\/v2\/pages\/13008"}],"collection":[{"href":"https:\/\/monikalesiakdietetyk.pl\/index.php?rest_route=\/wp\/v2\/pages"}],"about":[{"href":"https:\/\/monikalesiakdietetyk.pl\/index.php?rest_route=\/wp\/v2\/types\/page"}],"author":[{"embeddable":true,"href":"https:\/\/monikalesiakdietetyk.pl\/index.php?rest_route=\/wp\/v2\/users\/5"}],"replies":[{"embeddable":true,"href":"https:\/\/monikalesiakdietetyk.pl\/index.php?rest_route=%2Fwp%2Fv2%2Fcomments&post=13008"}],"version-history":[{"count":13,"href":"https:\/\/monikalesiakdietetyk.pl\/index.php?rest_route=\/wp\/v2\/pages\/13008\/revisions"}],"predecessor-version":[{"id":13028,"href":"https:\/\/monikalesiakdietetyk.pl\/index.php?rest_route=\/wp\/v2\/pages\/13008\/revisions\/13028"}],"up":[{"embeddable":true,"href":"https:\/\/monikalesiakdietetyk.pl\/index.php?rest_route=\/wp\/v2\/pages\/12789"}],"wp:attachment":[{"href":"https:\/\/monikalesiakdietetyk.pl\/index.php?rest_route=%2Fwp%2Fv2%2Fmedia&parent=13008"}],"wp:term":[{"taxonomy":"typy","embeddable":true,"href":"https:\/\/monikalesiakdietetyk.pl\/index.php?rest_route=%2Fwp%2Fv2%2Ftypy&post=13008"}],"curies":[{"name":"wp","href":"https:\/\/api.w.org\/{rel}","templated":true}]}}